{"id":2,"date":"2017-03-13T10:46:45","date_gmt":"2017-03-13T10:46:45","guid":{"rendered":"https:\/\/pablocmoficial.com\/?page_id=2"},"modified":"2023-04-22T10:16:08","modified_gmt":"2023-04-22T10:16:08","slug":"home-cm","status":"publish","type":"page","link":"https:\/\/pablocmoficial.com\/","title":{"rendered":"Home CM"},"content":{"rendered":"<section class=\"wpb-content-wrapper\"><p>[vc_row full_width=&#8221;stretch_row&#8221;][vc_column][rev_slider_vc alias=&#8221;slider-2&#8243;][\/vc_column][\/vc_row][vc_row][vc_column icons_position=&#8221;left&#8221;][vc_empty_space alter_height=&#8221;huge&#8221; hide_on_mobile=&#8221;&#8221; css=&#8221;.vc_custom_1495790866099{margin-top: 0.9rem !important;}&#8221;]<div  id=\"sc_promo_681655079\" \n\tclass=\"sc_promo color_style_default sc_promo_modern sc_promo_size_normal sc_promo_no_paddings sc_promo_image_position_left\"\n\t\t><div class=\"sc_promo_image_wrap\" style=\"width:54%;left: 0;\"><div class=\"sc_promo_image\" style=\"background-image:url(https:\/\/pablocmoficial.com\/wp-content\/uploads\/2023\/04\/pablo-cm-album-lanzamiento-scaled.jpg);\"><div id=\"sc_video_887311522\" class=\"trx_addons_video_player with_cover hover_play\"><div class=\"video_mask\"><\/div><a class=\"video_hover trx_addons_popup_link\" href=\"#sc_video_887311522_popup\"><\/a><\/div><\/div><div id=\"sc_video_887311522_popup\" class=\"sc_popup\"><div id=\"sc_video_887311522_popup_player\" class=\"trx_addons_video_player without_cover\"><div class=\"video_embed video_frame\"><a href=\"https:\/\/www.youtube.com\/c\/PabloCM\">https:\/\/www.youtube.com\/c\/PabloCM<\/a><\/div><\/div><\/div><\/div><div class=\"sc_promo_text\" style=\"width: 46%;float: right;\">\n\t\t\t<div class=\"sc_promo_text_inner sc_content_width_46%\" style=\"\"><h6 class=\"sc_item_subtitle sc_promo_subtitle sc_align_left sc_item_title_style_default\">PABLO CM<\/h6><h3 class=\"sc_item_title sc_promo_title sc_align_left sc_item_title_style_default\">INSTINTO<\/h3><div class=\"sc_item_descr sc_promo_descr sc_align_left\"><p>Soy Pablo CM y estoy emocionado de anunciar el lanzamiento de mi nuevo EP titulado \"INSINTO\". Ha sido un proceso largo y apasionante trabajar en estas canciones y estoy emocionado de compartirlas con todos ustedes.<\/p>\n<p>Adem\u00e1s de ser el int\u00e9rprete de estas canciones, tambi\u00e9n tuve la oportunidad de dirigir mis propios videos musicales. Fue un desaf\u00edo emocionante y aprend\u00ed mucho en el proceso. Espero que disfruten de la m\u00fasica y los videos tanto como yo disfrut\u00e9 haci\u00e9ndolos.<\/p>\n<p>Espero que puedan unirse a m\u00ed en la celebraci\u00f3n del lanzamiento de \"INSINTO\" y espero poder tocar estas canciones en vivo para ustedes en el futuro.<\/p>\n<p>\u00a1Gracias por su apoyo y espero que disfruten de mi nuevo EP!<\/p>\n<p>Saludos,<br \/>\nPablo CM<\/p>\n<\/div><\/div>\n\t\t<\/div><!-- \/.sc_promo_text --><\/div><!-- \/.sc_promo -->[vc_empty_space alter_height=&#8221;huge&#8221; hide_on_mobile=&#8221;&#8221; css=&#8221;.vc_custom_1495808956314{margin-bottom: 2.45rem !important;}&#8221;][\/vc_column][\/vc_row][vc_row full_width=&#8221;stretch_row_content_no_spaces&#8221; css=&#8221;.vc_custom_1490950734804{background-color: #100726 !important;}&#8221;][vc_column icons_position=&#8221;left&#8221;]<div id=\"sc_content_734450710\"\n\t\tclass=\"sc_content color_style_default sc_content_instagram sc_float_center\"><div class=\"content-header\"><h3 class=\"sc_item_title sc_content_title sc_align_left sc_item_title_style_default\">Follow me On Instagram <i>@1Pablocm<\/i><\/h3><a class=\"sc_button icon-untitled-4\" href=\"https:\/\/www.instagram.com\/1pablocm\/\">Instagram<\/a><a class=\"sc_button icon-untitled-5 inv_button\" href=\"\/grid\/\">more galleries<\/a><\/div><div class=\"sc_content_container\">[vc_column_text][\/vc_column_text]<\/div><\/div><!-- \/.sc_content -->[\/vc_column][\/vc_row][vc_row full_width=&#8221;stretch_row&#8221; css=&#8221;.vc_custom_1490965384121{background-color: #100726 !important;}&#8221;][vc_column icons_position=&#8221;left&#8221;][vc_empty_space alter_height=&#8221;huge&#8221; hide_on_mobile=&#8221;&#8221; css=&#8221;.vc_custom_1496403700541{margin-bottom: -1rem !important;}&#8221;][vc_empty_space alter_height=&#8221;huge&#8221; hide_on_mobile=&#8221;&#8221;][\/vc_column][\/vc_row][vc_row full_width=&#8221;stretch_row&#8221; css=&#8221;.vc_custom_1490965952764{background-image: url(https:\/\/pablocmoficial.com\/wp-content\/uploads\/2017\/03\/bg-4.jpg?id=290) !important;background-position: center !important;background-repeat: no-repeat !important;background-size: cover !important;}&#8221;][vc_column width=&#8221;5\/12&#8243; icons_position=&#8221;left&#8221; offset=&#8221;vc_col-md-6&#8243;][\/vc_column][vc_column width=&#8221;7\/12&#8243; icons_position=&#8221;left&#8221; offset=&#8221;vc_col-md-6&#8243;][vc_empty_space alter_height=&#8221;huge&#8221; hide_on_mobile=&#8221;&#8221; css=&#8221;.vc_custom_1495712773848{margin-bottom: 0.9rem !important;}&#8221;][vc_single_image image=&#8221;938&#8243; img_size=&#8221;full&#8221; alignment=&#8221;right&#8221;]<div id=\"sc_content_1804351220\"\r\n\t\tclass=\"sc_content color_style_default sc_content_default sc_float_center\"><div class=\"sc_content_container\">[vc_row_inner][vc_column_inner width=&#8221;1\/4&#8243; icons_position=&#8221;left&#8221; offset=&#8221;vc_col-sm-offset-2 vc_col-xs-offset-2 vc_col-xs-10&#8243;][vc_empty_space hide_on_mobile=&#8221;&#8221; css=&#8221;.vc_custom_1495713109456{margin-top: 0.1rem !important;}&#8221;][vc_column_text]<\/p>\n<h3><span class=\"trx_addons_accent\">$21<\/span><\/h3>\n<p>[\/vc_column_text][\/vc_column_inner][vc_column_inner width=&#8221;1\/2&#8243; icons_position=&#8221;left&#8221; offset=&#8221;vc_col-sm-offset-0 vc_col-xs-offset-2 vc_col-xs-10&#8243;][vc_empty_space hide_on_mobile=&#8221;&#8221; css=&#8221;.vc_custom_1495713134704{margin-top: 0.6rem !important;}&#8221;][vc_column_text]<\/p>\n<h5>NEW ALB\u00daM<br \/>\nINSTINTO<br \/>\nYA DISPONIBLE<\/h5>\n<p>[\/vc_column_text][vc_empty_space hide_on_mobile=&#8221;&#8221; css=&#8221;.vc_custom_1495713192880{margin-top: 0.9rem !important;}&#8221;]<a href=\"\/shop\/\" id=\"sc_button_1034402587\" class=\"sc_button color_style_default sc_button_default sc_button_size_normal sc_button_icon_left\"><span class=\"sc_button_text\"><span class=\"sc_button_title\">Buy Now<\/span><\/span><!-- \/.sc_button_text --><\/a><!-- \/.sc_button -->[\/vc_column_inner][\/vc_row_inner]<\/div><\/div><!-- \/.sc_content -->[vc_empty_space alter_height=&#8221;huge&#8221; hide_on_mobile=&#8221;&#8221; css=&#8221;.vc_custom_1495713237360{margin-bottom: 0.75rem !important;}&#8221;][\/vc_column][\/vc_row][vc_row el_class=&#8221;music_podcast&#8221;][vc_column icons_position=&#8221;left&#8221;][vc_single_image image=&#8221;910&#8243; img_size=&#8221;1000&#215;1414&#8243; alignment=&#8221;center&#8221;][vc_single_image image=&#8221;909&#8243; img_size=&#8221;1000&#215;1414&#8243; alignment=&#8221;center&#8221;][vc_empty_space alter_height=&#8221;medium&#8221; hide_on_mobile=&#8221;&#8221; css=&#8221;.vc_custom_1496414518814{margin-top: -0.6rem !important;}&#8221;][vc_empty_space alter_height=&#8221;huge&#8221; hide_on_mobile=&#8221;&#8221; css=&#8221;.vc_custom_1495808956314{margin-bottom: 2.45rem !important;}&#8221;][vc_video link=&#8221;https:\/\/youtu.be\/_NzWO076mAg&#8221; align=&#8221;center&#8221;][vc_video link=&#8221;https:\/\/youtu.be\/KPvSX-6lF1M&#8221; align=&#8221;center&#8221;][\/vc_column][\/vc_row][vc_row][vc_column][vc_column_text][\/vc_column_text][\/vc_column][\/vc_row][vc_row full_width=&#8221;stretch_row&#8221; equal_height=&#8221;yes&#8221; content_placement=&#8221;middle&#8221; css=&#8221;.vc_custom_1496472224663{background-color: #f8f3ff !important;}&#8221;][vc_column icons_position=&#8221;left&#8221;][vc_empty_space alter_height=&#8221;large&#8221; hide_on_mobile=&#8221;&#8221; css=&#8221;.vc_custom_1496472219807{margin-bottom: 0.4rem !important;}&#8221;][\/vc_column][vc_column icons_position=&#8221;left&#8221; offset=&#8221;vc_col-lg-5 vc_col-md-5&#8243;][vc_column_text]<\/p>\n<h3 class=\"trx_addons_no_margin\"><span style=\"color: #d71362;\"><span style=\"color: #100726;\">UNETE A MI <\/span><\/span><span style=\"color: #d71362;\">TRIBU<\/span><\/h3>\n<p>\u00a1Ingrese su correo electr\u00f3nico y sea el primero en enterarse de los eventos y nuevas canciones![\/vc_column_text][vc_empty_space alter_height=&#8221;large&#8221; hide_on_mobile=&#8221;&#8221;][\/vc_column][vc_column icons_position=&#8221;left&#8221; offset=&#8221;vc_col-lg-7 vc_col-md-7&#8243;][vc_column_text]<script>(function() {\n\twindow.mc4wp = window.mc4wp || {\n\t\tlisteners: [],\n\t\tforms: {\n\t\t\ton: function(evt, cb) {\n\t\t\t\twindow.mc4wp.listeners.push(\n\t\t\t\t\t{\n\t\t\t\t\t\tevent   : evt,\n\t\t\t\t\t\tcallback: cb\n\t\t\t\t\t}\n\t\t\t\t);\n\t\t\t}\n\t\t}\n\t}\n})();\n<\/script><!-- Mailchimp for WordPress v4.9.3 - https:\/\/wordpress.org\/plugins\/mailchimp-for-wp\/ --><form id=\"mc4wp-form-1\" class=\"mc4wp-form mc4wp-form-553\" method=\"post\" data-id=\"553\" data-name=\"Form\" ><div class=\"mc4wp-form-fields\"><input type=\"email\" name=\"EMAIL\" placeholder=\"Your email address\" required \/><input type=\"submit\" value=\"Subscribe!\" \/>\n<div class=\"mcfwp-agree-input\">\n<label class=\"mcfwp-agree-input\"><input type=\"checkbox\" name=\"i_agree_privacy_policy\" value=\"1\" required=\"\" \/><span>I have read and agree to the <a href=\"\/privacy-policy\/\" target=\"_blank\">terms &amp; conditions<\/a><\/span><\/label>\n<\/div><\/div><label style=\"display: none !important;\">Deja vac\u00edo este campo si eres humano: <input type=\"text\" name=\"_mc4wp_honeypot\" value=\"\" tabindex=\"-1\" autocomplete=\"off\" \/><\/label><input type=\"hidden\" name=\"_mc4wp_timestamp\" value=\"1775679809\" \/><input type=\"hidden\" name=\"_mc4wp_form_id\" value=\"553\" \/><input type=\"hidden\" name=\"_mc4wp_form_element_id\" value=\"mc4wp-form-1\" \/><div class=\"mc4wp-response\"><\/div><\/form><!-- \/ Mailchimp for WordPress Plugin -->[\/vc_column_text][vc_empty_space alter_height=&#8221;large&#8221; hide_on_mobile=&#8221;&#8221;][\/vc_column][\/vc_row][vc_row][vc_column][vc_column_text][\/vc_column_text][\/vc_column][\/vc_row][vc_row full_width=&#8221;stretch_row&#8221; css=&#8221;.vc_custom_1490961820830{background-image: url(https:\/\/pablocmoficial.com\/wp-content\/uploads\/2017\/03\/bg-3.jpg?id=285) !important;background-position: center !important;background-repeat: no-repeat !important;background-size: cover !important;}&#8221;][vc_column][vc_empty_space alter_height=&#8221;huge&#8221; hide_on_mobile=&#8221;&#8221;][\/vc_column][\/vc_row]<\/p>\n<\/section>","protected":false},"excerpt":{"rendered":"<p>[vc_row full_width=&#8221;stretch_row&#8221;][vc_column][rev_slider_vc alias=&#8221;slider-2&#8243;][\/vc_column][\/vc_row][vc_row][vc_column icons_position=&#8221;left&#8221;][vc_empty_space alter_height=&#8221;huge&#8221; hide_on_mobile=&#8221;&#8221; css=&#8221;.vc_custom_1495790866099{margin-top: 0.9rem !important;}&#8221;][vc_empty_space alter_height=&#8221;huge&#8221; hide_on_mobile=&#8221;&#8221; css=&#8221;.vc_custom_1495808956314{margin-bottom: 2.45rem !important;}&#8221;][\/vc_column][\/vc_row][vc_row full_width=&#8221;stretch_row_content_no_spaces&#8221; css=&#8221;.vc_custom_1490950734804{background-color: #100726 !important;}&#8221;][vc_column icons_position=&#8221;left&#8221;][\/vc_column][\/vc_row][vc_row full_width=&#8221;stretch_row&#8221; css=&#8221;.vc_custom_1490965384121{background-color: #100726 !important;}&#8221;][vc_column icons_position=&#8221;left&#8221;][vc_empty_space alter_height=&#8221;huge&#8221; hide_on_mobile=&#8221;&#8221; css=&#8221;.vc_custom_1496403700541{margin-bottom: -1rem !important;}&#8221;][vc_empty_space alter_height=&#8221;huge&#8221; hide_on_mobile=&#8221;&#8221;][\/vc_column][\/vc_row][vc_row full_width=&#8221;stretch_row&#8221; css=&#8221;.vc_custom_1490965952764{background-image: url(https:\/\/pablocmoficial.com\/wp-content\/uploads\/2017\/03\/bg-4.jpg?id=290) !important;background-position: center !important;background-repeat: no-repeat !important;background-size: cover !important;}&#8221;][vc_column width=&#8221;5\/12&#8243; icons_position=&#8221;left&#8221; offset=&#8221;vc_col-md-6&#8243;][\/vc_column][vc_column width=&#8221;7\/12&#8243; icons_position=&#8221;left&#8221; offset=&#8221;vc_col-md-6&#8243;][vc_empty_space alter_height=&#8221;huge&#8221; hide_on_mobile=&#8221;&#8221; css=&#8221;.vc_custom_1495712773848{margin-bottom: 0.9rem !important;}&#8221;][vc_single_image image=&#8221;938&#8243; img_size=&#8221;full&#8221; alignment=&#8221;right&#8221;][vc_empty_space alter_height=&#8221;huge&#8221; hide_on_mobile=&#8221;&#8221; css=&#8221;.vc_custom_1495713237360{margin-bottom: 0.75rem !important;}&#8221;][\/vc_column][\/vc_row][vc_row&hellip;<\/p>\n","protected":false},"author":1,"featured_media":0,"parent":0,"menu_order":0,"comment_status":"closed","ping_status":"closed","template":"","meta":{"om_disable_all_campaigns":false,"_mi_skip_tracking":false},"aioseo_notices":[],"_links":{"self":[{"href":"https:\/\/pablocmoficial.com\/index.php?rest_route=\/wp\/v2\/pages\/2"}],"collection":[{"href":"https:\/\/pablocmoficial.com\/index.php?rest_route=\/wp\/v2\/pages"}],"about":[{"href":"https:\/\/pablocmoficial.com\/index.php?rest_route=\/wp\/v2\/types\/page"}],"author":[{"embeddable":true,"href":"https:\/\/pablocmoficial.com\/index.php?rest_route=\/wp\/v2\/users\/1"}],"replies":[{"embeddable":true,"href":"https:\/\/pablocmoficial.com\/index.php?rest_route=%2Fwp%2Fv2%2Fcomments&post=2"}],"version-history":[{"count":32,"href":"https:\/\/pablocmoficial.com\/index.php?rest_route=\/wp\/v2\/pages\/2\/revisions"}],"predecessor-version":[{"id":940,"href":"https:\/\/pablocmoficial.com\/index.php?rest_route=\/wp\/v2\/pages\/2\/revisions\/940"}],"wp:attachment":[{"href":"https:\/\/pablocmoficial.com\/index.php?rest_route=%2Fwp%2Fv2%2Fmedia&parent=2"}],"curies":[{"name":"wp","href":"https:\/\/api.w.org\/{rel}","templated":true}]}}